{"id":8503,"date":"2024-12-10T11:00:17","date_gmt":"2024-12-10T10:00:17","guid":{"rendered":"https:\/\/sites1.tempurl.host\/angarela.es\/?page_id=8503"},"modified":"2025-07-01T12:04:13","modified_gmt":"2025-07-01T10:04:13","slug":"contacto","status":"publish","type":"page","link":"https:\/\/44849221a.es\/es\/contacto\/","title":{"rendered":"Contacto"},"content":{"rendered":"\t\t<div data-elementor-type=\"wp-page\" data-elementor-id=\"8503\" class=\"elementor elementor-8503\" data-elementor-post-type=\"page\">\n\t\t\t\t<div class=\"elementor-element elementor-element-4906f03 e-flex e-con-boxed elementor-repeater-item-default_padding sk-none elementor-repeater-item-none elementor-repeater-item-none_hover e-con e-parent\" data-id=\"4906f03\" data-element_type=\"container\" data-e-type=\"container\" data-settings=\"{&quot;background_background&quot;:&quot;classic&quot;,&quot;ang_container_spacing_size&quot;:&quot;default_padding&quot;}\">\n\t\t\t\t\t<div class=\"e-con-inner\">\n\t\t<div class=\"elementor-element elementor-element-4715d8a e-con-full e-flex elementor-repeater-item-default_padding elementor-repeater-item-none elementor-repeater-item-none_hover e-con e-child\" data-id=\"4715d8a\" data-element_type=\"container\" data-e-type=\"container\" data-settings=\"{&quot;ang_container_spacing_size&quot;:&quot;default_padding&quot;}\">\n\t\t\t\t<div class=\"elementor-element elementor-element-c3eec39 elementor-repeater-item-none elementor-repeater-item-none_hover elementor-widget elementor-widget-heading\" data-id=\"c3eec39\" data-element_type=\"widget\" data-e-type=\"widget\" data-widget_type=\"heading.default\">\n\t\t\t\t<div class=\"elementor-widget-container\">\n\t\t\t\t\t<p class=\"elementor-heading-title elementor-size-default\">Estamos aqu\u00ed para escoitarte<\/p>\t\t\t\t<\/div>\n\t\t\t\t<\/div>\n\t\t\t\t<div class=\"elementor-element elementor-element-e89a26d elementor-repeater-item-none elementor-repeater-item-none_hover elementor-widget elementor-widget-heading\" data-id=\"e89a26d\" data-element_type=\"widget\" data-e-type=\"widget\" data-widget_type=\"heading.default\">\n\t\t\t\t<div class=\"elementor-widget-container\">\n\t\t\t\t\t<h1 class=\"elementor-heading-title elementor-size-default\">Contacto<\/h1>\t\t\t\t<\/div>\n\t\t\t\t<\/div>\n\t\t\t\t<\/div>\n\t\t\t\t\t<\/div>\n\t\t\t\t<\/div>\n\t\t<section class=\"elementor-element elementor-element-7ffceb6 e-flex e-con-boxed elementor-repeater-item-default_padding sk-none elementor-repeater-item-none elementor-repeater-item-none_hover e-con e-parent\" data-id=\"7ffceb6\" data-element_type=\"container\" data-e-type=\"container\" data-settings=\"{&quot;background_background&quot;:&quot;classic&quot;,&quot;ang_container_spacing_size&quot;:&quot;default_padding&quot;}\">\n\t\t\t\t\t<div class=\"e-con-inner\">\n\t\t<div class=\"elementor-element elementor-element-4127821 e-con-full e-flex elementor-repeater-item-default_padding sk-none elementor-repeater-item-none elementor-repeater-item-none_hover e-con e-child\" data-id=\"4127821\" data-element_type=\"container\" data-e-type=\"container\" data-settings=\"{&quot;background_background&quot;:&quot;classic&quot;,&quot;ang_container_spacing_size&quot;:&quot;default_padding&quot;}\">\n\t\t<div class=\"elementor-element elementor-element-c5c859f e-con-full elementor-repeater-item-none_hover e-flex elementor-repeater-item-default_padding elementor-repeater-item-none e-con e-child\" data-id=\"c5c859f\" data-element_type=\"container\" data-e-type=\"container\" data-settings=\"{&quot;ang_container_spacing_size&quot;:&quot;default_padding&quot;}\">\n\t\t\t\t<div class=\"elementor-element elementor-element-fc30c8f elementor-repeater-item-none elementor-repeater-item-none_hover elementor-widget elementor-widget-text-editor\" data-id=\"fc30c8f\" data-element_type=\"widget\" data-e-type=\"widget\" data-widget_type=\"text-editor.default\">\n\t\t\t\t<div class=\"elementor-widget-container\">\n\t\t\t\t\t\t\t\t\t<p>Conect\u00e9monos para transformar a trav\u00e9s del teatro<\/p>\t\t\t\t\t\t\t\t<\/div>\n\t\t\t\t<\/div>\n\t\t\t\t<div class=\"elementor-element elementor-element-9c949b4 elementor-repeater-item-none elementor-repeater-item-none_hover elementor-invisible elementor-widget elementor-widget-heading\" data-id=\"9c949b4\" data-element_type=\"widget\" data-e-type=\"widget\" data-settings=\"{&quot;_animation&quot;:&quot;fadeIn&quot;,&quot;_animation_delay&quot;:&quot;100&quot;}\" data-widget_type=\"heading.default\">\n\t\t\t\t<div class=\"elementor-widget-container\">\n\t\t\t\t\t<h2 class=\"elementor-heading-title elementor-size-default\">Se quieres acercar una experiencia de artes esc\u00e9nicas con impacto social a tu comunidad, participa en los nuestros proyectos lo colabora en nuevas propuestas.<\/h2>\t\t\t\t<\/div>\n\t\t\t\t<\/div>\n\t\t\t\t<\/div>\n\t\t\t\t<div class=\"elementor-element elementor-element-12b684e elementor-widget__width-inherit elementor-widget-tablet__width-inherit elementor-button-align-stretch elementor-repeater-item-none elementor-repeater-item-none_hover elementor-invisible elementor-widget elementor-widget-form\" data-id=\"12b684e\" data-element_type=\"widget\" data-e-type=\"widget\" data-settings=\"{&quot;_animation&quot;:&quot;bounce&quot;,&quot;_animation_delay&quot;:&quot;300&quot;,&quot;step_next_label&quot;:&quot;Siguiente&quot;,&quot;step_previous_label&quot;:&quot;Anterior&quot;,&quot;button_width&quot;:&quot;100&quot;,&quot;step_type&quot;:&quot;number_text&quot;,&quot;step_icon_shape&quot;:&quot;circle&quot;}\" data-widget_type=\"form.default\">\n\t\t\t\t<div class=\"elementor-widget-container\">\n\t\t\t\t\t\t\t<form class=\"elementor-form\" method=\"post\" name=\"Subscribe\">\n\t\t\t<input type=\"hidden\" name=\"post_id\" value=\"8503\"\/>\n\t\t\t<input type=\"hidden\" name=\"form_id\" value=\"12b684e\"\/>\n\t\t\t<input type=\"hidden\" name=\"referer_title\" value=\"Angarela\" \/>\n\n\t\t\t\n\t\t\t<div class=\"elementor-form-fields-wrapper elementor-labels-\">\n\t\t\t\t\t\t\t\t<div class=\"elementor-field-type-text elementor-field-group elementor-column elementor-field-group-field_e77a2ad elementor-col-100\">\n\t\t\t\t\t\t\t\t\t\t\t\t<label for=\"form-field-field_e77a2ad\" class=\"elementor-field-label elementor-screen-only\">\n\t\t\t\t\t\t\t\tNombre\t\t\t\t\t\t\t<\/label>\n\t\t\t\t\t\t\t\t\t\t\t\t\t\t<input size=\"1\" type=\"text\" name=\"form_fields[field_e77a2ad]\" id=\"form-field-field_e77a2ad\" class=\"elementor-field elementor-size-md  elementor-field-textual\" placeholder=\"Nombre\">\n\t\t\t\t\t\t\t\t\t\t\t<\/div>\n\t\t\t\t\t\t\t\t<div class=\"elementor-field-type-email elementor-field-group elementor-column elementor-field-group-9b59fd9 elementor-col-100 elementor-field-required\">\n\t\t\t\t\t\t\t\t\t\t\t\t<label for=\"form-field-9b59fd9\" class=\"elementor-field-label elementor-screen-only\">\n\t\t\t\t\t\t\t\tEmail\t\t\t\t\t\t\t<\/label>\n\t\t\t\t\t\t\t\t\t\t\t\t\t\t<input size=\"1\" type=\"email\" name=\"form_fields[9b59fd9]\" id=\"form-field-9b59fd9\" class=\"elementor-field elementor-size-md  elementor-field-textual\" placeholder=\"Email\" required=\"required\" aria-required=\"true\">\n\t\t\t\t\t\t\t\t\t\t\t<\/div>\n\t\t\t\t\t\t\t\t<div class=\"elementor-field-type-text elementor-field-group elementor-column elementor-field-group-field_dad3115 elementor-col-100\">\n\t\t\t\t\t\t\t\t\t\t\t\t<label for=\"form-field-field_dad3115\" class=\"elementor-field-label elementor-screen-only\">\n\t\t\t\t\t\t\t\tMensaje\t\t\t\t\t\t\t<\/label>\n\t\t\t\t\t\t\t\t\t\t\t\t\t\t<input size=\"1\" type=\"text\" name=\"form_fields[field_dad3115]\" id=\"form-field-field_dad3115\" class=\"elementor-field elementor-size-md  elementor-field-textual\" placeholder=\"Mensaje\">\n\t\t\t\t\t\t\t\t\t\t\t<\/div>\n\t\t\t\t\t\t\t\t<div class=\"elementor-field-type-recaptcha_v3 elementor-field-group elementor-column elementor-field-group-field_08ce69e elementor-col-100 recaptcha_v3-bottomleft\">\n\t\t\t\t\t<div class=\"elementor-field\" id=\"form-field-field_08ce69e\"><div class=\"elementor-g-recaptcha\" data-sitekey=\"6Lcqa2UrAAAAAPV6KVtiQAEJQVQ00xrDiFYI3fzV\" data-type=\"v3\" data-action=\"Form\" data-badge=\"bottomleft\" data-size=\"invisible\"><\/div><\/div>\t\t\t\t<\/div>\n\t\t\t\t\t\t\t\t<div class=\"elementor-field-group elementor-column elementor-field-type-submit elementor-col-100 e-form__buttons\">\n\t\t\t\t\t<button class=\"elementor-button elementor-size-md\" type=\"submit\">\n\t\t\t\t\t\t<span class=\"elementor-button-content-wrapper\">\n\t\t\t\t\t\t\t\t\t\t\t\t\t\t\t<span class=\"elementor-button-icon\">\n\t\t\t\t\t\t\t\t\t<i class=\"fa fa-send\" aria-hidden=\"true\"><\/i>\t\t\t\t\t\t\t\t\t\t\t\t\t\t\t\t\t<\/span>\n\t\t\t\t\t\t\t\t\t\t\t\t\t\t\t\t\t\t\t\t\t\t<span class=\"elementor-button-text\">Enviar<\/span>\n\t\t\t\t\t\t\t\t\t\t\t\t\t<\/span>\n\t\t\t\t\t<\/button>\n\t\t\t\t<\/div>\n\t\t\t<\/div>\n\t\t<\/form>\n\t\t\t\t\t\t<\/div>\n\t\t\t\t<\/div>\n\t\t\t\t<\/div>\n\t\t\t\t\t<\/div>\n\t\t\t\t<\/section>\n\t\t\t\t<\/div>\n\t\t","protected":false},"excerpt":{"rendered":"<p>Estamos aqu\u00ed para escoitarte Contacto Conect\u00e9monos para transformar a trav\u00e9s del teatro Se quieres acercar una experiencia de artes esc\u00e9nicas con impacto social a tu comunidad, participa en los nuestros proyectos lo colabora en nuevas propuestas.<\/p>\n","protected":false},"author":3,"featured_media":0,"parent":0,"menu_order":0,"comment_status":"closed","ping_status":"closed","template":"elementor_header_footer","meta":{"_acf_changed":false,"footnotes":""},"class_list":["post-8503","page","type-page","status-publish"],"yoast_head":"<!-- This site is optimized with the Yoast SEO plugin v27.3 - https:\/\/yoast.com\/product\/yoast-seo-wordpress\/ -->\n<title>Contacto Angarela Teatro | Colabora con Nuestro Proyecto Social<\/title>\n<meta name=\"description\" content=\"\u00bfQuieres un contacto Angarela Teatro? Ll\u00e1manos o escr\u00edbenos para colaborar, participar o llevar nuestros proyectos de teatro transformador a tu comunidad.\" \/>\n<meta name=\"robots\" content=\"index, follow, max-snippet:-1, max-image-preview:large, max-video-preview:-1\" \/>\n<link rel=\"canonical\" href=\"https:\/\/44849221a.es\/es\/contacto\/\" \/>\n<meta property=\"og:locale\" content=\"es_ES\" \/>\n<meta property=\"og:type\" content=\"article\" \/>\n<meta property=\"og:title\" content=\"Contacto Angarela Teatro | Colabora con Nuestro Proyecto Social\" \/>\n<meta property=\"og:description\" content=\"\u00bfQuieres un contacto Angarela Teatro? Ll\u00e1manos o escr\u00edbenos para colaborar, participar o llevar nuestros proyectos de teatro transformador a tu comunidad.\" \/>\n<meta property=\"og:url\" content=\"https:\/\/44849221a.es\/es\/contacto\/\" \/>\n<meta property=\"og:site_name\" content=\"Angarela\" \/>\n<meta property=\"article:modified_time\" content=\"2025-07-01T10:04:13+00:00\" \/>\n<meta name=\"twitter:card\" content=\"summary_large_image\" \/>\n<meta name=\"twitter:label1\" content=\"Tiempo de lectura\" \/>\n\t<meta name=\"twitter:data1\" content=\"1 minuto\" \/>\n<script type=\"application\/ld+json\" class=\"yoast-schema-graph\">{\"@context\":\"https:\\\/\\\/schema.org\",\"@graph\":[{\"@type\":\"WebPage\",\"@id\":\"https:\\\/\\\/44849221a.es\\\/es\\\/contacto\\\/\",\"url\":\"https:\\\/\\\/44849221a.es\\\/es\\\/contacto\\\/\",\"name\":\"Contacto Angarela Teatro | Colabora con Nuestro Proyecto Social\",\"isPartOf\":{\"@id\":\"https:\\\/\\\/44849221a.es\\\/es\\\/#website\"},\"datePublished\":\"2024-12-10T10:00:17+00:00\",\"dateModified\":\"2025-07-01T10:04:13+00:00\",\"description\":\"\u00bfQuieres un contacto Angarela Teatro? Ll\u00e1manos o escr\u00edbenos para colaborar, participar o llevar nuestros proyectos de teatro transformador a tu comunidad.\",\"breadcrumb\":{\"@id\":\"https:\\\/\\\/44849221a.es\\\/es\\\/contacto\\\/#breadcrumb\"},\"inLanguage\":\"es\",\"potentialAction\":[{\"@type\":\"ReadAction\",\"target\":[\"https:\\\/\\\/44849221a.es\\\/es\\\/contacto\\\/\"]}]},{\"@type\":\"BreadcrumbList\",\"@id\":\"https:\\\/\\\/44849221a.es\\\/es\\\/contacto\\\/#breadcrumb\",\"itemListElement\":[{\"@type\":\"ListItem\",\"position\":1,\"name\":\"Portada\",\"item\":\"https:\\\/\\\/44849221a.es\\\/es\\\/\"},{\"@type\":\"ListItem\",\"position\":2,\"name\":\"Contacto\"}]},{\"@type\":\"WebSite\",\"@id\":\"https:\\\/\\\/44849221a.es\\\/es\\\/#website\",\"url\":\"https:\\\/\\\/44849221a.es\\\/es\\\/\",\"name\":\"Angarela\",\"description\":\"\",\"publisher\":{\"@id\":\"https:\\\/\\\/44849221a.es\\\/es\\\/#organization\"},\"potentialAction\":[{\"@type\":\"SearchAction\",\"target\":{\"@type\":\"EntryPoint\",\"urlTemplate\":\"https:\\\/\\\/44849221a.es\\\/es\\\/?s={search_term_string}\"},\"query-input\":{\"@type\":\"PropertyValueSpecification\",\"valueRequired\":true,\"valueName\":\"search_term_string\"}}],\"inLanguage\":\"es\"},{\"@type\":\"Organization\",\"@id\":\"https:\\\/\\\/44849221a.es\\\/es\\\/#organization\",\"name\":\"Angarela\",\"url\":\"https:\\\/\\\/44849221a.es\\\/es\\\/\",\"logo\":{\"@type\":\"ImageObject\",\"inLanguage\":\"es\",\"@id\":\"https:\\\/\\\/44849221a.es\\\/es\\\/#\\\/schema\\\/logo\\\/image\\\/\",\"url\":\"https:\\\/\\\/44849221a.es\\\/wp-content\\\/uploads\\\/sites\\\/163\\\/2024\\\/05\\\/Logo-ANGARELA-texto-cabeceira.png\",\"contentUrl\":\"https:\\\/\\\/44849221a.es\\\/wp-content\\\/uploads\\\/sites\\\/163\\\/2024\\\/05\\\/Logo-ANGARELA-texto-cabeceira.png\",\"width\":1563,\"height\":1563,\"caption\":\"Angarela\"},\"image\":{\"@id\":\"https:\\\/\\\/44849221a.es\\\/es\\\/#\\\/schema\\\/logo\\\/image\\\/\"}}]}<\/script>\n<!-- \/ Yoast SEO plugin. -->","yoast_head_json":{"title":"Contacto Angarela Teatro | Colabora con Nuestro Proyecto Social","description":"\u00bfQuieres un contacto Angarela Teatro? Ll\u00e1manos o escr\u00edbenos para colaborar, participar o llevar nuestros proyectos de teatro transformador a tu comunidad.","robots":{"index":"index","follow":"follow","max-snippet":"max-snippet:-1","max-image-preview":"max-image-preview:large","max-video-preview":"max-video-preview:-1"},"canonical":"https:\/\/44849221a.es\/es\/contacto\/","og_locale":"es_ES","og_type":"article","og_title":"Contacto Angarela Teatro | Colabora con Nuestro Proyecto Social","og_description":"\u00bfQuieres un contacto Angarela Teatro? Ll\u00e1manos o escr\u00edbenos para colaborar, participar o llevar nuestros proyectos de teatro transformador a tu comunidad.","og_url":"https:\/\/44849221a.es\/es\/contacto\/","og_site_name":"Angarela","article_modified_time":"2025-07-01T10:04:13+00:00","twitter_card":"summary_large_image","twitter_misc":{"Tiempo de lectura":"1 minuto"},"schema":{"@context":"https:\/\/schema.org","@graph":[{"@type":"WebPage","@id":"https:\/\/44849221a.es\/es\/contacto\/","url":"https:\/\/44849221a.es\/es\/contacto\/","name":"Contacto Angarela Teatro | Colabora con Nuestro Proyecto Social","isPartOf":{"@id":"https:\/\/44849221a.es\/es\/#website"},"datePublished":"2024-12-10T10:00:17+00:00","dateModified":"2025-07-01T10:04:13+00:00","description":"\u00bfQuieres un contacto Angarela Teatro? Ll\u00e1manos o escr\u00edbenos para colaborar, participar o llevar nuestros proyectos de teatro transformador a tu comunidad.","breadcrumb":{"@id":"https:\/\/44849221a.es\/es\/contacto\/#breadcrumb"},"inLanguage":"es","potentialAction":[{"@type":"ReadAction","target":["https:\/\/44849221a.es\/es\/contacto\/"]}]},{"@type":"BreadcrumbList","@id":"https:\/\/44849221a.es\/es\/contacto\/#breadcrumb","itemListElement":[{"@type":"ListItem","position":1,"name":"Portada","item":"https:\/\/44849221a.es\/es\/"},{"@type":"ListItem","position":2,"name":"Contacto"}]},{"@type":"WebSite","@id":"https:\/\/44849221a.es\/es\/#website","url":"https:\/\/44849221a.es\/es\/","name":"Angarela","description":"","publisher":{"@id":"https:\/\/44849221a.es\/es\/#organization"},"potentialAction":[{"@type":"SearchAction","target":{"@type":"EntryPoint","urlTemplate":"https:\/\/44849221a.es\/es\/?s={search_term_string}"},"query-input":{"@type":"PropertyValueSpecification","valueRequired":true,"valueName":"search_term_string"}}],"inLanguage":"es"},{"@type":"Organization","@id":"https:\/\/44849221a.es\/es\/#organization","name":"Angarela","url":"https:\/\/44849221a.es\/es\/","logo":{"@type":"ImageObject","inLanguage":"es","@id":"https:\/\/44849221a.es\/es\/#\/schema\/logo\/image\/","url":"https:\/\/44849221a.es\/wp-content\/uploads\/sites\/163\/2024\/05\/Logo-ANGARELA-texto-cabeceira.png","contentUrl":"https:\/\/44849221a.es\/wp-content\/uploads\/sites\/163\/2024\/05\/Logo-ANGARELA-texto-cabeceira.png","width":1563,"height":1563,"caption":"Angarela"},"image":{"@id":"https:\/\/44849221a.es\/es\/#\/schema\/logo\/image\/"}}]}},"acf":[],"_links":{"self":[{"href":"https:\/\/44849221a.es\/es\/wp-json\/wp\/v2\/pages\/8503","targetHints":{"allow":["GET"]}}],"collection":[{"href":"https:\/\/44849221a.es\/es\/wp-json\/wp\/v2\/pages"}],"about":[{"href":"https:\/\/44849221a.es\/es\/wp-json\/wp\/v2\/types\/page"}],"author":[{"embeddable":true,"href":"https:\/\/44849221a.es\/es\/wp-json\/wp\/v2\/users\/3"}],"replies":[{"embeddable":true,"href":"https:\/\/44849221a.es\/es\/wp-json\/wp\/v2\/comments?post=8503"}],"version-history":[{"count":0,"href":"https:\/\/44849221a.es\/es\/wp-json\/wp\/v2\/pages\/8503\/revisions"}],"wp:attachment":[{"href":"https:\/\/44849221a.es\/es\/wp-json\/wp\/v2\/media?parent=8503"}],"curies":[{"name":"wp","href":"https:\/\/api.w.org\/{rel}","templated":true}]}}